{"id":795,"date":"2021-06-23T16:16:34","date_gmt":"2021-06-23T14:16:34","guid":{"rendered":"http:\/\/pomnikprzejscie.pl\/?page_id=795"},"modified":"2021-06-28T10:33:53","modified_gmt":"2021-06-28T08:33:53","slug":"ksiega","status":"publish","type":"page","link":"http:\/\/pomnikprzejscie.pl\/?page_id=795","title":{"rendered":"Przej\u015bcie"},"content":{"rendered":"<div>\r\n\t\t<div id=\"wpfh_search\">\r\n\t\t\t<form action=\"http:\/\/pomnikprzejscie.pl\/?page_id=795\" method=\"get\" autocomplete=\"off\">\r\n\t\t\t\t<input type=\"hidden\" name=\"page_id\" value=\"795\">\r\n\t\t\t\t<h3>Znajd\u017a w ksi\u0119dze<\/h3>\r\n\t\t\t\t\r\n\t\t\t\t\t\t\t\t<div class=\"search_column\"> <input placeholder=\"Imi\u0119\" type=\"text\" name=\"first_name\" value=\"\"><\/div>  \r\n\t\t\t\t\t\t\t\t\r\n\t\t\t\t\t\t\t\t\r\n\t\t\t\t\t\t\t\t<div class=\"search_column\"><input placeholder=\"Nazwisko\" type=\"text\" name=\"last_name\" value=\"\"> <\/div>\r\n\t\t\t\t\t\t\t\t\t\t \r\n\t\t\t\t\t\t\t\t\t\t\t\t\t  \r\n\t\t\t\t\t\t<div class=\"search_column\"><input placeholder=\"Data \u015bmierci\" type=\"text\" name=\"date\" class=\"datepicker qodef-input\" value=\"\"> <\/div>\r\n\t\t\t\t\t\t\t\t\t\t\t\t\t\t   \r\n\t\t \r\n\t\t\t\t\t\t\t\t<div style=\"clear:both\"><\/div><div class=\"wpfh-search-button\" ><input class=\"wpfh_button\" type=\"submit\" name=\"search-obits\" value=\"Znajd\u017a\"><\/div>\r\n\t\t\t\t\t\t\t\t<\/form><\/div>\r\n\t\t\t\r\n\t\t\t\t\r\n\t\r\n<div class=\"wpfh_obit\"><div class=\"wpfh_obit_inner\">\t\t\t\t\t\t\t\r\n\t\t\t\t\t\t\t\t\t\t<div class=\"wpfh_obit_image\" >\r\n\t\t\t\t\t\t\t\t\t\t<a href=\"http:\/\/pomnikprzejscie.pl\/?page_id=795&id=205\"><img decoding=\"async\" src=\"\"><\/a>\r\n                                        \t\t\t\t\t\t\t\t\t\t<\/div>\r\n\t\t\t\t\t\t\t\t\t\t<div class=\"wpfh_obit_obit\">\r\n\t\t\t\t\t\t\t\t\t\t<p class=\"wpfh_obit_title\"><a href=\"http:\/\/pomnikprzejscie.pl\/?page_id=795&id=205\">Artur  Smyczyk <\/a><\/p>\r\n\t\t\t\t\t\t\t\t\t\t<p class=\"wpfh_obit_date\"><\/p>\r\n\t\t\t\t\t\t\t\t\t\t\r\n\t\t\t\t\t\t\t\t\t\tArtur Smyczyk\r\n\r\nUr. 01.10.1976 (Polska), zm. 05.07.2023 (Francja)\r\n\r\n&nbsp;\r\n\r\n\"Cz\u0142owiek planuje.... a Pan B\u00f3g decyduje...\"\r\n\r\nPrzed chwil\u0105 mieli\u015bmy razem wsp\u00f3lne marzenia i plany na przysz\u0142o\u015b\u0107. A w chwili obecnej krocz\u0119 ju\u017c bez Ciebie. Wr...\r\n\t\t\t\t\t\t\t\t\t\t<div class=\"wpfh_obit_button\">\r\n\t\t\t\t\t\t\t\t\t\t<a href=\"http:\/\/pomnikprzejscie.pl\/?page_id=795&id=205\">Zobacz<\/a>\r\n\t\t\t\t\t\t\t\t\t\t<\/div>\r\n\t\t\t\t\t\t\t\t\t\t<\/div>\r\n                                       \r\n\t\t\t\t\t\t\t\t\t\t<div style=\"clear:both\"><\/div>\r\n                                         <\/div>\r\n<\/div>\r\n<div class=\"wpfh_obit\"><div class=\"wpfh_obit_inner\">\t\t\t\t\t\t\t\r\n\t\t\t\t\t\t\t\t\t\t<div class=\"wpfh_obit_image\" >\r\n\t\t\t\t\t\t\t\t\t\t<a href=\"http:\/\/pomnikprzejscie.pl\/?page_id=795&id=204\"><img decoding=\"async\" src=\"http:\/\/pomnikprzejscie.pl\/wp-content\/uploads\/2025\/11\/gasienica-daniel-80x80.jpg\"><\/a>\r\n                                        \t\t\t\t\t\t\t\t\t\t<\/div>\r\n\t\t\t\t\t\t\t\t\t\t<div class=\"wpfh_obit_obit\">\r\n\t\t\t\t\t\t\t\t\t\t<p class=\"wpfh_obit_title\"><a href=\"http:\/\/pomnikprzejscie.pl\/?page_id=795&id=204\">Grzegorz  G\u0105sienica - Daniel <\/a><\/p>\r\n\t\t\t\t\t\t\t\t\t\t<p class=\"wpfh_obit_date\"><\/p>\r\n\t\t\t\t\t\t\t\t\t\t\r\n\t\t\t\t\t\t\t\t\t\tGrzegorz G\u0105sienica - Daniel\r\n\r\nur. 22.03.1991 r., Zakopane\r\n\r\nzm. 20.11.2019 r., Bia\u0142y Dunajec\r\n\r\nZgin\u0105\u0142 tragicznie jako pasa\u017cer w wypadku samochodowym.\r\n\r\n&nbsp;\r\n\r\n\"Stan\u0105\u0142em w b\u0142\u0119kitnej po\u015bwiecie...\r\n\r\nNagle B\u00f3g mnie zawo\u0142a\u0142.\r\n\r\nWiem, ...\r\n\t\t\t\t\t\t\t\t\t\t<div class=\"wpfh_obit_button\">\r\n\t\t\t\t\t\t\t\t\t\t<a href=\"http:\/\/pomnikprzejscie.pl\/?page_id=795&id=204\">Zobacz<\/a>\r\n\t\t\t\t\t\t\t\t\t\t<\/div>\r\n\t\t\t\t\t\t\t\t\t\t<\/div>\r\n                                       \r\n\t\t\t\t\t\t\t\t\t\t<div style=\"clear:both\"><\/div>\r\n                                         <\/div>\r\n<\/div>\r\n<div class=\"wpfh_obit\"><div class=\"wpfh_obit_inner\">\t\t\t\t\t\t\t\r\n\t\t\t\t\t\t\t\t\t\t<div class=\"wpfh_obit_image\" >\r\n\t\t\t\t\t\t\t\t\t\t<a href=\"http:\/\/pomnikprzejscie.pl\/?page_id=795&id=203\"><img decoding=\"async\" src=\"http:\/\/pomnikprzejscie.pl\/wp-content\/uploads\/2025\/11\/1758-80x80.png\"><\/a>\r\n                                        \t\t\t\t\t\t\t\t\t\t<\/div>\r\n\t\t\t\t\t\t\t\t\t\t<div class=\"wpfh_obit_obit\">\r\n\t\t\t\t\t\t\t\t\t\t<p class=\"wpfh_obit_title\"><a href=\"http:\/\/pomnikprzejscie.pl\/?page_id=795&id=203\">Dariusz  Smo\u0142ka <\/a><\/p>\r\n\t\t\t\t\t\t\t\t\t\t<p class=\"wpfh_obit_date\"><\/p>\r\n\t\t\t\t\t\t\t\t\t\t\r\n\t\t\t\t\t\t\t\t\t\tBy\u0142 pi\u0119kny, s\u0142oneczny wiecz\u00f3r 20 maja 2019 roku. Dareczek lubi\u0142 motocykle. Mia\u0142 ca\u0142e \u017cycie przed sob\u0105 - tyle plan\u00f3w, marze\u0144 i dobra, kt\u00f3re m\u00f3g\u0142 zrealizowa\u0107. W tamtej chwili kto\u015b na niego czeka\u0142 ... w tamtej chwili dzie\u0144 toczy\u0142 si\u0119...\r\n\t\t\t\t\t\t\t\t\t\t<div class=\"wpfh_obit_button\">\r\n\t\t\t\t\t\t\t\t\t\t<a href=\"http:\/\/pomnikprzejscie.pl\/?page_id=795&id=203\">Zobacz<\/a>\r\n\t\t\t\t\t\t\t\t\t\t<\/div>\r\n\t\t\t\t\t\t\t\t\t\t<\/div>\r\n                                       \r\n\t\t\t\t\t\t\t\t\t\t<div style=\"clear:both\"><\/div>\r\n                                         <\/div>\r\n<\/div>\r\n<div class=\"wpfh_obit\"><div class=\"wpfh_obit_inner\">\t\t\t\t\t\t\t\r\n\t\t\t\t\t\t\t\t\t\t<div class=\"wpfh_obit_image\" >\r\n\t\t\t\t\t\t\t\t\t\t<a href=\"http:\/\/pomnikprzejscie.pl\/?page_id=795&id=202\"><img decoding=\"async\" src=\"http:\/\/pomnikprzejscie.pl\/wp-content\/uploads\/2025\/11\/art-lew-80x80.jpg\"><\/a>\r\n                                        \t\t\t\t\t\t\t\t\t\t<\/div>\r\n\t\t\t\t\t\t\t\t\t\t<div class=\"wpfh_obit_obit\">\r\n\t\t\t\t\t\t\t\t\t\t<p class=\"wpfh_obit_title\"><a href=\"http:\/\/pomnikprzejscie.pl\/?page_id=795&id=202\">Artur  Lewandowski <\/a><\/p>\r\n\t\t\t\t\t\t\t\t\t\t<p class=\"wpfh_obit_date\"><\/p>\r\n\t\t\t\t\t\t\t\t\t\t\r\n\t\t\t\t\t\t\t\t\t\t\u015aP. Artur Lewandowski\r\n\r\n&nbsp;\r\nDzi\u0119kuj\u0119 Ci, \u017ce mnie stworzy\u0142e\u015b tak cudownie,\r\nGodne podziwu s\u0105 Twoje dzie\u0142a\r\n(Ps. 139, 14)\r\n&nbsp;\r\n\r\nArtur urodzi\u0142 si\u0119 31 grudnia 1971 roku w Poznaniu. Odszed\u0142 do Pana w wieku 51 lat, dok\u0142adnie w 12. Roc...\r\n\t\t\t\t\t\t\t\t\t\t<div class=\"wpfh_obit_button\">\r\n\t\t\t\t\t\t\t\t\t\t<a href=\"http:\/\/pomnikprzejscie.pl\/?page_id=795&id=202\">Zobacz<\/a>\r\n\t\t\t\t\t\t\t\t\t\t<\/div>\r\n\t\t\t\t\t\t\t\t\t\t<\/div>\r\n                                       \r\n\t\t\t\t\t\t\t\t\t\t<div style=\"clear:both\"><\/div>\r\n                                         <\/div>\r\n<\/div>\r\n<div class=\"wpfh_obit\"><div class=\"wpfh_obit_inner\">\t\t\t\t\t\t\t\r\n\t\t\t\t\t\t\t\t\t\t<div class=\"wpfh_obit_image\" >\r\n\t\t\t\t\t\t\t\t\t\t<a href=\"http:\/\/pomnikprzejscie.pl\/?page_id=795&id=201\"><img decoding=\"async\" src=\"http:\/\/pomnikprzejscie.pl\/wp-content\/uploads\/2025\/07\/moczybroda-80x80.jpg\"><\/a>\r\n                                        \t\t\t\t\t\t\t\t\t\t<\/div>\r\n\t\t\t\t\t\t\t\t\t\t<div class=\"wpfh_obit_obit\">\r\n\t\t\t\t\t\t\t\t\t\t<p class=\"wpfh_obit_title\"><a href=\"http:\/\/pomnikprzejscie.pl\/?page_id=795&id=201\">Grzegorz  Moczybroda <\/a><\/p>\r\n\t\t\t\t\t\t\t\t\t\t<p class=\"wpfh_obit_date\"><\/p>\r\n\t\t\t\t\t\t\t\t\t\t\r\n\t\t\t\t\t\t\t\t\t\tGrzegorz urodzi\u0142 si\u0119 22.11.1975 r. w Bychawie. Tu si\u0119 wychowywa\u0142 i chodzi\u0142 do szko\u0142y podstawowej. Zawodowe wykszta\u0142cenie zdoby\u0142 w Lublinie i podj\u0105\u0142 prac\u0119 jako kierowca ci\u0119\u017car\u00f3wki.\r\n\r\nBy\u0142 sympatycznym, weso\u0142ym cz\u0142owiekiem. W\u015br\u00f3d zna...\r\n\t\t\t\t\t\t\t\t\t\t<div class=\"wpfh_obit_button\">\r\n\t\t\t\t\t\t\t\t\t\t<a href=\"http:\/\/pomnikprzejscie.pl\/?page_id=795&id=201\">Zobacz<\/a>\r\n\t\t\t\t\t\t\t\t\t\t<\/div>\r\n\t\t\t\t\t\t\t\t\t\t<\/div>\r\n                                       \r\n\t\t\t\t\t\t\t\t\t\t<div style=\"clear:both\"><\/div>\r\n                                         <\/div>\r\n<\/div>\r\n<div class=\"wpfh_obit\"><div class=\"wpfh_obit_inner\">\t\t\t\t\t\t\t\r\n\t\t\t\t\t\t\t\t\t\t<div class=\"wpfh_obit_image\" >\r\n\t\t\t\t\t\t\t\t\t\t<a href=\"http:\/\/pomnikprzejscie.pl\/?page_id=795&id=200\"><img decoding=\"async\" src=\"http:\/\/pomnikprzejscie.pl\/wp-content\/uploads\/2024\/11\/Janusz-Popardowski-80x80.jpg\"><\/a>\r\n                                        \t\t\t\t\t\t\t\t\t\t<\/div>\r\n\t\t\t\t\t\t\t\t\t\t<div class=\"wpfh_obit_obit\">\r\n\t\t\t\t\t\t\t\t\t\t<p class=\"wpfh_obit_title\"><a href=\"http:\/\/pomnikprzejscie.pl\/?page_id=795&id=200\">Janusz  Popardowski <\/a><\/p>\r\n\t\t\t\t\t\t\t\t\t\t<p class=\"wpfh_obit_date\"><\/p>\r\n\t\t\t\t\t\t\t\t\t\t\r\n\t\t\t\t\t\t\t\t\t\t\u015ap. Janusz Popardowski, syn Marii i Stanis\u0142awa z Nowego S\u0105cza, mia\u0142 30 lat. Janusz Popardowski - mgr nauk ekonomicznych, zna\u0142 kilka j\u0119zyk\u00f3w, pracowa\u0142 w firmie Fakro. By\u0142 bardzo pracowity, uczciwy, \u017cyczliwy, empatyczny. Rysowa\u0142, projektowa?...\r\n\t\t\t\t\t\t\t\t\t\t<div class=\"wpfh_obit_button\">\r\n\t\t\t\t\t\t\t\t\t\t<a href=\"http:\/\/pomnikprzejscie.pl\/?page_id=795&id=200\">Zobacz<\/a>\r\n\t\t\t\t\t\t\t\t\t\t<\/div>\r\n\t\t\t\t\t\t\t\t\t\t<\/div>\r\n                                       \r\n\t\t\t\t\t\t\t\t\t\t<div style=\"clear:both\"><\/div>\r\n                                         <\/div>\r\n<\/div>\r\n<div class=\"wpfh_obit\"><div class=\"wpfh_obit_inner\">\t\t\t\t\t\t\t\r\n\t\t\t\t\t\t\t\t\t\t<div class=\"wpfh_obit_image\" >\r\n\t\t\t\t\t\t\t\t\t\t<a href=\"http:\/\/pomnikprzejscie.pl\/?page_id=795&id=199\"><img decoding=\"async\" src=\"http:\/\/pomnikprzejscie.pl\/wp-content\/uploads\/2024\/09\/kamil-kozubowski-80x80.jpg\"><\/a>\r\n                                        \t\t\t\t\t\t\t\t\t\t<\/div>\r\n\t\t\t\t\t\t\t\t\t\t<div class=\"wpfh_obit_obit\">\r\n\t\t\t\t\t\t\t\t\t\t<p class=\"wpfh_obit_title\"><a href=\"http:\/\/pomnikprzejscie.pl\/?page_id=795&id=199\">Kamil  Kozubowski <\/a><\/p>\r\n\t\t\t\t\t\t\t\t\t\t<p class=\"wpfh_obit_date\"><\/p>\r\n\t\t\t\t\t\t\t\t\t\t\r\n\t\t\t\t\t\t\t\t\t\tM\u00f3j ukochany synek Kamil urodzi\u0142 si\u0119 07.07.1996 r. w Kwidzynie. Z siostr\u0105 Asi\u0105 i bratem Bartkiem by\u0142 mocno z\u017cyty. Jego pasj\u0105 by\u0142 sport. Trenowa\u0142 tenis sto\u0142owy oraz tr\u00f3jb\u00f3j si\u0142owy. W wolnych chwilach gra\u0142 na gitarze, spotyka\u0142 si\u0119 z pr...\r\n\t\t\t\t\t\t\t\t\t\t<div class=\"wpfh_obit_button\">\r\n\t\t\t\t\t\t\t\t\t\t<a href=\"http:\/\/pomnikprzejscie.pl\/?page_id=795&id=199\">Zobacz<\/a>\r\n\t\t\t\t\t\t\t\t\t\t<\/div>\r\n\t\t\t\t\t\t\t\t\t\t<\/div>\r\n                                       \r\n\t\t\t\t\t\t\t\t\t\t<div style=\"clear:both\"><\/div>\r\n                                         <\/div>\r\n<\/div>\r\n<div class=\"wpfh_obit\"><div class=\"wpfh_obit_inner\">\t\t\t\t\t\t\t\r\n\t\t\t\t\t\t\t\t\t\t<div class=\"wpfh_obit_image\" >\r\n\t\t\t\t\t\t\t\t\t\t<a href=\"http:\/\/pomnikprzejscie.pl\/?page_id=795&id=198\"><img decoding=\"async\" src=\"http:\/\/pomnikprzejscie.pl\/wp-content\/uploads\/2024\/01\/unnamed-80x80.png\"><\/a>\r\n                                        \t\t\t\t\t\t\t\t\t\t<\/div>\r\n\t\t\t\t\t\t\t\t\t\t<div class=\"wpfh_obit_obit\">\r\n\t\t\t\t\t\t\t\t\t\t<p class=\"wpfh_obit_title\"><a href=\"http:\/\/pomnikprzejscie.pl\/?page_id=795&id=198\">Stanis\u0142aw Pawe\u0142  Pa\u0142asz <\/a><\/p>\r\n\t\t\t\t\t\t\t\t\t\t<p class=\"wpfh_obit_date\"><\/p>\r\n\t\t\t\t\t\t\t\t\t\t\r\n\t\t\t\t\t\t\t\t\t\tUrodzi\u0142 si\u0119 24 pa\u017adziernika 1961 r. w Zag\u00f3rowie, zgin\u0105\u0142 w tragicznym wypadku motocyklowym 21 kwietnia 1983 r. maj\u0105c zaledwie 22 lata.\r\n\r\nBy\u0142 ukochanym synem rodzic\u00f3w, bratem, wujkiem, przyjacielem, znajomym braci g\u00f3rniczej. Zostawi\u0142 wszyst...\r\n\t\t\t\t\t\t\t\t\t\t<div class=\"wpfh_obit_button\">\r\n\t\t\t\t\t\t\t\t\t\t<a href=\"http:\/\/pomnikprzejscie.pl\/?page_id=795&id=198\">Zobacz<\/a>\r\n\t\t\t\t\t\t\t\t\t\t<\/div>\r\n\t\t\t\t\t\t\t\t\t\t<\/div>\r\n                                       \r\n\t\t\t\t\t\t\t\t\t\t<div style=\"clear:both\"><\/div>\r\n                                         <\/div>\r\n<\/div>\r\n<div class=\"wpfh_obit\"><div class=\"wpfh_obit_inner\">\t\t\t\t\t\t\t\r\n\t\t\t\t\t\t\t\t\t\t<div class=\"wpfh_obit_image\" >\r\n\t\t\t\t\t\t\t\t\t\t<a href=\"http:\/\/pomnikprzejscie.pl\/?page_id=795&id=197\"><img decoding=\"async\" src=\"http:\/\/pomnikprzejscie.pl\/wp-content\/uploads\/2024\/01\/SKAN0019-80x80.jpg\"><\/a>\r\n                                        \t\t\t\t\t\t\t\t\t\t<\/div>\r\n\t\t\t\t\t\t\t\t\t\t<div class=\"wpfh_obit_obit\">\r\n\t\t\t\t\t\t\t\t\t\t<p class=\"wpfh_obit_title\"><a href=\"http:\/\/pomnikprzejscie.pl\/?page_id=795&id=197\">Ryszard  Nowak <\/a><\/p>\r\n\t\t\t\t\t\t\t\t\t\t<p class=\"wpfh_obit_date\"><\/p>\r\n\t\t\t\t\t\t\t\t\t\t\r\n\t\t\t\t\t\t\t\t\t\tRyszard Nowak urodzi\u0142 si\u0119 4 wrze\u015bnia 1951 r. w Michalinowie, zgin\u0105\u0142 w tragicznym wypadku 9 pa\u017adziernika 2001 r. maj\u0105c 50 lat.\r\n\r\nBy\u0142 kochanym i kochaj\u0105cym m\u0119\u017cem, ojcem, dziadkiem. By\u0142 bliski rodzinie, znajomym i przyjacio\u0142om.\r\n\r\nZostawi?...\r\n\t\t\t\t\t\t\t\t\t\t<div class=\"wpfh_obit_button\">\r\n\t\t\t\t\t\t\t\t\t\t<a href=\"http:\/\/pomnikprzejscie.pl\/?page_id=795&id=197\">Zobacz<\/a>\r\n\t\t\t\t\t\t\t\t\t\t<\/div>\r\n\t\t\t\t\t\t\t\t\t\t<\/div>\r\n                                       \r\n\t\t\t\t\t\t\t\t\t\t<div style=\"clear:both\"><\/div>\r\n                                         <\/div>\r\n<\/div>\r\n<div class=\"wpfh_obit\"><div class=\"wpfh_obit_inner\">\t\t\t\t\t\t\t\r\n\t\t\t\t\t\t\t\t\t\t<div class=\"wpfh_obit_image\" >\r\n\t\t\t\t\t\t\t\t\t\t<a href=\"http:\/\/pomnikprzejscie.pl\/?page_id=795&id=196\"><img decoding=\"async\" src=\"http:\/\/pomnikprzejscie.pl\/wp-content\/uploads\/2023\/11\/20231107_151928-80x80.jpg\"><\/a>\r\n                                        \t\t\t\t\t\t\t\t\t\t<\/div>\r\n\t\t\t\t\t\t\t\t\t\t<div class=\"wpfh_obit_obit\">\r\n\t\t\t\t\t\t\t\t\t\t<p class=\"wpfh_obit_title\"><a href=\"http:\/\/pomnikprzejscie.pl\/?page_id=795&id=196\">Robert  Marczuk <\/a><\/p>\r\n\t\t\t\t\t\t\t\t\t\t<p class=\"wpfh_obit_date\"><\/p>\r\n\t\t\t\t\t\t\t\t\t\t\r\n\t\t\t\t\t\t\t\t\t\tMieszkali\u015bmy w Wielkopolsce, w Mie\u015bcisku.\r\n\r\nM\u00f3j kochany syn Robert zgin\u0105\u0142 w wypadku drogowym 28.11.1998 roku z winy innego kierowcy. Wraca\u0142 do domu z mam\u0105 i dwiema siostrami, z wyjazdu do Poznania.\r\n\r\nW godzinie jego \u015bmierci by\u0142em w Ko\u015bcie...\r\n\t\t\t\t\t\t\t\t\t\t<div class=\"wpfh_obit_button\">\r\n\t\t\t\t\t\t\t\t\t\t<a href=\"http:\/\/pomnikprzejscie.pl\/?page_id=795&id=196\">Zobacz<\/a>\r\n\t\t\t\t\t\t\t\t\t\t<\/div>\r\n\t\t\t\t\t\t\t\t\t\t<\/div>\r\n                                       \r\n\t\t\t\t\t\t\t\t\t\t<div style=\"clear:both\"><\/div>\r\n                                         <\/div>\r\n<\/div> <div style=\"clear:both\"><\/div><div class=\"pagination\"><span class=\"pages\">Page (1\/21)<\/span>&nbsp;<span class=\"curren\">1<\/span> <a href=\"http:\/\/pomnikprzejscie.pl\/?page_id=795&f=obits&pagenum=2\">2<\/a> <a href=\"http:\/\/pomnikprzejscie.pl\/?page_id=795&f=obits&pagenum=3\">3<\/a> <a href=\"http:\/\/pomnikprzejscie.pl\/?page_id=795&f=obits&pagenum=4\">4<\/a> <a href=\"http:\/\/pomnikprzejscie.pl\/?page_id=795&f=obits&pagenum=5\">5<\/a> <a href=\"http:\/\/pomnikprzejscie.pl\/?page_id=795&f=obits&pagenum=6\">6<\/a> <a href=\"http:\/\/pomnikprzejscie.pl\/?page_id=795&f=obits&pagenum=7\">7<\/a> <a href=\"http:\/\/pomnikprzejscie.pl\/?page_id=795&f=obits&pagenum=8\">8<\/a> <a href=\"http:\/\/pomnikprzejscie.pl\/?page_id=795&f=obits&pagenum=9\">9<\/a> <a href=\"http:\/\/pomnikprzejscie.pl\/?page_id=795&f=obits&pagenum=10\">10<\/a> <a href=\"http:\/\/pomnikprzejscie.pl\/?page_id=795&f=obits&pagenum=11\">11<\/a> <a href=\"http:\/\/pomnikprzejscie.pl\/?page_id=795&f=obits&pagenum=12\">12<\/a> <a href=\"http:\/\/pomnikprzejscie.pl\/?page_id=795&f=obits&pagenum=13\">13<\/a> <a href=\"http:\/\/pomnikprzejscie.pl\/?page_id=795&f=obits&pagenum=14\">14<\/a> <a href=\"http:\/\/pomnikprzejscie.pl\/?page_id=795&f=obits&pagenum=15\">15<\/a> <a href=\"http:\/\/pomnikprzejscie.pl\/?page_id=795&f=obits&pagenum=2\">Next<\/a><a href=\"http:\/\/pomnikprzejscie.pl\/?page_id=795&f=obits&pagenum=21\">&#187;<\/a><\/div><\/div>\n","protected":false},"excerpt":{"rendered":"","protected":false},"author":1,"featured_media":0,"parent":0,"menu_order":0,"comment_status":"closed","ping_status":"closed","template":"","meta":{"footnotes":""},"class_list":["post-795","page","type-page","status-publish","hentry"],"_links":{"self":[{"href":"http:\/\/pomnikprzejscie.pl\/index.php?rest_route=\/wp\/v2\/pages\/795","targetHints":{"allow":["GET"]}}],"collection":[{"href":"http:\/\/pomnikprzejscie.pl\/index.php?rest_route=\/wp\/v2\/pages"}],"about":[{"href":"http:\/\/pomnikprzejscie.pl\/index.php?rest_route=\/wp\/v2\/types\/page"}],"author":[{"embeddable":true,"href":"http:\/\/pomnikprzejscie.pl\/index.php?rest_route=\/wp\/v2\/users\/1"}],"replies":[{"embeddable":true,"href":"http:\/\/pomnikprzejscie.pl\/index.php?rest_route=%2Fwp%2Fv2%2Fcomments&post=795"}],"version-history":[{"count":3,"href":"http:\/\/pomnikprzejscie.pl\/index.php?rest_route=\/wp\/v2\/pages\/795\/revisions"}],"predecessor-version":[{"id":820,"href":"http:\/\/pomnikprzejscie.pl\/index.php?rest_route=\/wp\/v2\/pages\/795\/revisions\/820"}],"wp:attachment":[{"href":"http:\/\/pomnikprzejscie.pl\/index.php?rest_route=%2Fwp%2Fv2%2Fmedia&parent=795"}],"curies":[{"name":"wp","href":"https:\/\/api.w.org\/{rel}","templated":true}]}}